{"id":49,"date":"2025-07-14T09:26:41","date_gmt":"2025-07-14T13:26:41","guid":{"rendered":"https:\/\/ecogene21.org\/?page_id=49"},"modified":"2025-10-15T09:45:21","modified_gmt":"2025-10-15T13:45:21","slug":"partenaires","status":"publish","type":"page","link":"https:\/\/ecogene21.org\/fr\/partenaires\/","title":{"rendered":"Partenaires"},"content":{"rendered":"","protected":false},"excerpt":{"rendered":"","protected":false},"author":1,"featured_media":0,"parent":0,"menu_order":0,"comment_status":"closed","ping_status":"closed","template":"","meta":{"_acf_changed":false,"inline_featured_image":false,"footnotes":""},"class_list":["post-49","page","type-page","status-publish","hentry"],"acf":[],"yoast_head":"<!-- This site is optimized with the Yoast SEO plugin v26.8 - https:\/\/yoast.com\/product\/yoast-seo-wordpress\/ -->\n<title>Nos partenaires | R\u00e9seau de collaboration ECOGENE-21<\/title>\n<meta name=\"description\" content=\"ECOGENE-21 s\u2019appuie sur un r\u00e9seau solide de partenaires pour acc\u00e9l\u00e9rer la recherche et soutenir la m\u00e9decine personnalis\u00e9e.\" \/>\n<meta name=\"robots\" content=\"index, follow, max-snippet:-1, max-image-preview:large, max-video-preview:-1\" \/>\n<link rel=\"canonical\" href=\"https:\/\/ecogene21.org\/fr\/partenaires\/\" \/>\n<meta property=\"og:locale\" content=\"fr_FR\" \/>\n<meta property=\"og:type\" content=\"article\" \/>\n<meta property=\"og:title\" content=\"Nos partenaires | R\u00e9seau de collaboration ECOGENE-21\" \/>\n<meta property=\"og:description\" content=\"ECOGENE-21 s\u2019appuie sur un r\u00e9seau solide de partenaires pour acc\u00e9l\u00e9rer la recherche et soutenir la m\u00e9decine personnalis\u00e9e.\" \/>\n<meta property=\"og:url\" content=\"https:\/\/ecogene21.org\/fr\/partenaires\/\" \/>\n<meta property=\"og:site_name\" content=\"ECOGENE-21\" \/>\n<meta property=\"article:publisher\" content=\"https:\/\/www.facebook.com\/ecogene21\/\" \/>\n<meta property=\"article:modified_time\" content=\"2025-10-15T13:45:21+00:00\" \/>\n<meta name=\"twitter:card\" content=\"summary_large_image\" \/>\n<script type=\"application\/ld+json\" class=\"yoast-schema-graph\">{\"@context\":\"https:\/\/schema.org\",\"@graph\":[{\"@type\":\"WebPage\",\"@id\":\"https:\/\/ecogene21.org\/fr\/partenaires\/\",\"url\":\"https:\/\/ecogene21.org\/fr\/partenaires\/\",\"name\":\"Nos partenaires | R\u00e9seau de collaboration ECOGENE-21\",\"isPartOf\":{\"@id\":\"https:\/\/ecogene21.org\/fr\/#website\"},\"datePublished\":\"2025-07-14T13:26:41+00:00\",\"dateModified\":\"2025-10-15T13:45:21+00:00\",\"description\":\"ECOGENE-21 s\u2019appuie sur un r\u00e9seau solide de partenaires pour acc\u00e9l\u00e9rer la recherche et soutenir la m\u00e9decine personnalis\u00e9e.\",\"breadcrumb\":{\"@id\":\"https:\/\/ecogene21.org\/fr\/partenaires\/#breadcrumb\"},\"inLanguage\":\"fr-FR\",\"potentialAction\":[{\"@type\":\"ReadAction\",\"target\":[\"https:\/\/ecogene21.org\/fr\/partenaires\/\"]}]},{\"@type\":\"BreadcrumbList\",\"@id\":\"https:\/\/ecogene21.org\/fr\/partenaires\/#breadcrumb\",\"itemListElement\":[{\"@type\":\"ListItem\",\"position\":1,\"name\":\"Accueil\",\"item\":\"https:\/\/ecogene21.org\/fr\/\"},{\"@type\":\"ListItem\",\"position\":2,\"name\":\"Partenaires\"}]},{\"@type\":\"WebSite\",\"@id\":\"https:\/\/ecogene21.org\/fr\/#website\",\"url\":\"https:\/\/ecogene21.org\/fr\/\",\"name\":\"ECOGENE-21\",\"description\":\"\",\"publisher\":{\"@id\":\"https:\/\/ecogene21.org\/fr\/#organization\"},\"potentialAction\":[{\"@type\":\"SearchAction\",\"target\":{\"@type\":\"EntryPoint\",\"urlTemplate\":\"https:\/\/ecogene21.org\/fr\/?s={search_term_string}\"},\"query-input\":{\"@type\":\"PropertyValueSpecification\",\"valueRequired\":true,\"valueName\":\"search_term_string\"}}],\"inLanguage\":\"fr-FR\"},{\"@type\":\"Organization\",\"@id\":\"https:\/\/ecogene21.org\/fr\/#organization\",\"name\":\"ECOGENE-21\",\"url\":\"https:\/\/ecogene21.org\/fr\/\",\"logo\":{\"@type\":\"ImageObject\",\"inLanguage\":\"fr-FR\",\"@id\":\"https:\/\/ecogene21.org\/fr\/#\/schema\/logo\/image\/\",\"url\":\"https:\/\/ecogene21.org\/wp-content\/uploads\/2025\/07\/Ecogene_Logo.svg\",\"contentUrl\":\"https:\/\/ecogene21.org\/wp-content\/uploads\/2025\/07\/Ecogene_Logo.svg\",\"width\":\"1024\",\"height\":\"1024\",\"caption\":\"ECOGENE-21\"},\"image\":{\"@id\":\"https:\/\/ecogene21.org\/fr\/#\/schema\/logo\/image\/\"},\"sameAs\":[\"https:\/\/www.facebook.com\/ecogene21\/\",\"https:\/\/ca.linkedin.com\/company\/ecogene-21\"]}]}<\/script>\n<!-- \/ Yoast SEO plugin. -->","yoast_head_json":{"title":"Nos partenaires | R\u00e9seau de collaboration ECOGENE-21","description":"ECOGENE-21 s\u2019appuie sur un r\u00e9seau solide de partenaires pour acc\u00e9l\u00e9rer la recherche et soutenir la m\u00e9decine personnalis\u00e9e.","robots":{"index":"index","follow":"follow","max-snippet":"max-snippet:-1","max-image-preview":"max-image-preview:large","max-video-preview":"max-video-preview:-1"},"canonical":"https:\/\/ecogene21.org\/fr\/partenaires\/","og_locale":"fr_FR","og_type":"article","og_title":"Nos partenaires | R\u00e9seau de collaboration ECOGENE-21","og_description":"ECOGENE-21 s\u2019appuie sur un r\u00e9seau solide de partenaires pour acc\u00e9l\u00e9rer la recherche et soutenir la m\u00e9decine personnalis\u00e9e.","og_url":"https:\/\/ecogene21.org\/fr\/partenaires\/","og_site_name":"ECOGENE-21","article_publisher":"https:\/\/www.facebook.com\/ecogene21\/","article_modified_time":"2025-10-15T13:45:21+00:00","twitter_card":"summary_large_image","schema":{"@context":"https:\/\/schema.org","@graph":[{"@type":"WebPage","@id":"https:\/\/ecogene21.org\/fr\/partenaires\/","url":"https:\/\/ecogene21.org\/fr\/partenaires\/","name":"Nos partenaires | R\u00e9seau de collaboration ECOGENE-21","isPartOf":{"@id":"https:\/\/ecogene21.org\/fr\/#website"},"datePublished":"2025-07-14T13:26:41+00:00","dateModified":"2025-10-15T13:45:21+00:00","description":"ECOGENE-21 s\u2019appuie sur un r\u00e9seau solide de partenaires pour acc\u00e9l\u00e9rer la recherche et soutenir la m\u00e9decine personnalis\u00e9e.","breadcrumb":{"@id":"https:\/\/ecogene21.org\/fr\/partenaires\/#breadcrumb"},"inLanguage":"fr-FR","potentialAction":[{"@type":"ReadAction","target":["https:\/\/ecogene21.org\/fr\/partenaires\/"]}]},{"@type":"BreadcrumbList","@id":"https:\/\/ecogene21.org\/fr\/partenaires\/#breadcrumb","itemListElement":[{"@type":"ListItem","position":1,"name":"Accueil","item":"https:\/\/ecogene21.org\/fr\/"},{"@type":"ListItem","position":2,"name":"Partenaires"}]},{"@type":"WebSite","@id":"https:\/\/ecogene21.org\/fr\/#website","url":"https:\/\/ecogene21.org\/fr\/","name":"ECOGENE-21","description":"","publisher":{"@id":"https:\/\/ecogene21.org\/fr\/#organization"},"potentialAction":[{"@type":"SearchAction","target":{"@type":"EntryPoint","urlTemplate":"https:\/\/ecogene21.org\/fr\/?s={search_term_string}"},"query-input":{"@type":"PropertyValueSpecification","valueRequired":true,"valueName":"search_term_string"}}],"inLanguage":"fr-FR"},{"@type":"Organization","@id":"https:\/\/ecogene21.org\/fr\/#organization","name":"ECOGENE-21","url":"https:\/\/ecogene21.org\/fr\/","logo":{"@type":"ImageObject","inLanguage":"fr-FR","@id":"https:\/\/ecogene21.org\/fr\/#\/schema\/logo\/image\/","url":"https:\/\/ecogene21.org\/wp-content\/uploads\/2025\/07\/Ecogene_Logo.svg","contentUrl":"https:\/\/ecogene21.org\/wp-content\/uploads\/2025\/07\/Ecogene_Logo.svg","width":"1024","height":"1024","caption":"ECOGENE-21"},"image":{"@id":"https:\/\/ecogene21.org\/fr\/#\/schema\/logo\/image\/"},"sameAs":["https:\/\/www.facebook.com\/ecogene21\/","https:\/\/ca.linkedin.com\/company\/ecogene-21"]}]}},"_links":{"self":[{"href":"https:\/\/ecogene21.org\/fr\/wp-json\/wp\/v2\/pages\/49","targetHints":{"allow":["GET"]}}],"collection":[{"href":"https:\/\/ecogene21.org\/fr\/wp-json\/wp\/v2\/pages"}],"about":[{"href":"https:\/\/ecogene21.org\/fr\/wp-json\/wp\/v2\/types\/page"}],"author":[{"embeddable":true,"href":"https:\/\/ecogene21.org\/fr\/wp-json\/wp\/v2\/users\/1"}],"replies":[{"embeddable":true,"href":"https:\/\/ecogene21.org\/fr\/wp-json\/wp\/v2\/comments?post=49"}],"version-history":[{"count":5,"href":"https:\/\/ecogene21.org\/fr\/wp-json\/wp\/v2\/pages\/49\/revisions"}],"predecessor-version":[{"id":551,"href":"https:\/\/ecogene21.org\/fr\/wp-json\/wp\/v2\/pages\/49\/revisions\/551"}],"wp:attachment":[{"href":"https:\/\/ecogene21.org\/fr\/wp-json\/wp\/v2\/media?parent=49"}],"curies":[{"name":"wp","href":"https:\/\/api.w.org\/{rel}","templated":true}]}}